{"id":780,"date":"2020-09-21T15:44:23","date_gmt":"2020-09-21T15:44:23","guid":{"rendered":" https:\/\/laescuelaloprimero.cotec.es\/lelp1\/?page_id=780"},"modified":"2021-02-18T09:07:33","modified_gmt":"2021-02-18T09:07:33","slug":"participa","status":"publish","type":"page","link":"https:\/\/laescuelaloprimero.cotec.es\/lelp1\/participa\/","title":{"rendered":"Participa"},"content":{"rendered":"<p>[vc_row gap=\u00bb10&#8243; content_placement=\u00bbbottom\u00bb bg_type=\u00bbbg_color\u00bb css=\u00bb.vc_custom_1612426709074{margin-top: -50px !important;margin-right: 1px !important;margin-left: 2px !important;padding-top: 15px !important;}\u00bb bg_color_value=\u00bb#ffb7c3&#8243;][vc_column width=\u00bb3\/4&#8243;]<div id=\"ultimate-heading-10869ef4dae7a001\" class=\"uvc-heading ult-adjust-bottom-margin ultimate-heading-10869ef4dae7a001 uvc-8906 \" data-hspacer=\"no_spacer\"  data-halign=\"left\" style=\"text-align:left\"><div class=\"uvc-heading-spacer no_spacer\" style=\"top\"><\/div><div class=\"uvc-main-heading ult-responsive\"  data-ultimate-target='.uvc-heading.ultimate-heading-10869ef4dae7a001 h2'  data-responsive-json-new='{\"font-size\":\"desktop:100px;mobile_landscape:95px;\",\"line-height\":\"desktop:100px;mobile_landscape:96px;\"}' ><h2 style=\"--font-weight:theme;color:#000000;margin-top:-25px;\">PARTICIPA<\/h2><\/div><\/div>[\/vc_column][vc_column width=\u00bb1\/4&#8243;][vc_btn title=\u00bbAP\u00daNTATE\u00bb style=\u00bboutline-custom\u00bb outline_custom_color=\u00bb#ffffff\u00bb outline_custom_hover_background=\u00bb#ffffff\u00bb outline_custom_hover_text=\u00bb#000000&#8243; shape=\u00bbsquare\u00bb size=\u00bblg\u00bb align=\u00bbcenter\u00bb i_icon_fontawesome=\u00bbfas fa-caret-right\u00bb add_icon=\u00bbtrue\u00bb link=\u00bburl:https%3A%2F%2Fforms.gle%2FKSwoHo9L364dLsN3A|title:ap%C3%BAntate|target:_blank\u00bb][\/vc_column][\/vc_row][vc_row][vc_column]<div class=\" ubtn-ctn-center \"><button type=\"button\" id=\"ubtn-9564\"  class=\"ubtn ult-adjust-bottom-margin ult-responsive ubtn-mini ubtn-no-hover-bg  none  ubtn-center   tooltip-69ef4dae7a063\"  data-hover=\"\" data-border-color=\"\" data-bg=\"#aeffd1\" data-hover-bg=\"\" data-border-hover=\"\" data-shadow-hover=\"\" data-shadow-click=\"none\" data-shadow=\"\" data-shd-shadow=\"\"  data-ultimate-target='#ubtn-9564'  data-responsive-json-new='{\"font-size\":\"desktop:45px;mobile_landscape:35px;\",\"line-height\":\"\"}'  style=\"font-weight:normal;border:none;background: #aeffd1;color: #000000;\"><span class=\"ubtn-hover\" style=\"background-color:\"><\/span><span class=\"ubtn-data ubtn-text \" >CONVOCATORIA ABIERTA<\/span><\/button><\/div>[\/vc_column][\/vc_row][vc_row][vc_column][vc_empty_space][\/vc_column][\/vc_row][vc_row][vc_column css=\u00bb.vc_custom_1600704892670{background-color: #ffffff !important;background-position: center !important;background-repeat: no-repeat !important;background-size: cover !important;}\u00bb][vc_column_text]<strong>\u00bfQuieres participar en la construcci\u00f3n de soluciones reales para los nuevos retos que tienes este curso?<\/strong><br \/>\n<strong>\u00danete al laboratorio de innovaci\u00f3n educativa de \u2018La Escuela, lo primero\u2019, un proceso de acompa\u00f1amiento y cocreaci\u00f3n entre profesores.<\/strong>[\/vc_column_text][vc_empty_space][vc_row_inner][vc_column_inner width=\u00bb1\/2&#8243;][vc_column_text]<span style=\"font-size: 100px; font-family: champion-htf; color: #ffb7c3;\">10<\/span> \u00a0<strong>retos a los que te estas enfrentando este curso<\/strong>[\/vc_column_text][\/vc_column_inner][vc_column_inner width=\u00bb1\/2&#8243;][vc_column_text]<span style=\"font-size: 100px; font-family: champion-htf; color: #ffb7c3;\">10<\/span> \u00a0<strong>equipos de profesores trabajando en cada uno de ellos<\/strong>[\/vc_column_text][\/vc_column_inner][\/vc_row_inner][vc_empty_space height=\u00bb10px\u00bb][vc_column_text]<span style=\"font-size: 100px; font-family: champion-htf; color: #ffb7c3;\">10<\/span> \u00a0<strong>propuestas pr\u00e1cticas reales que podr\u00e1s aplicar en tu centro, y que permiten responder a las nuevas situaciones a las que os est\u00e1is enfrentando la comunidad educativa<\/strong>[\/vc_column_text][\/vc_column][\/vc_row][vc_row][vc_column css=\u00bb.vc_custom_1600703202675{background-color: #ffffff !important;background-position: center !important;background-repeat: no-repeat !important;background-size: cover !important;}\u00bb][vc_empty_space]<div class=\" vc_custom_1600703410311 ubtn-ctn-left enlace_desactivado\"><a class=\"ubtn-link ult-adjust-bottom-margin ubtn-left ubtn-mini enlace_desactivado\" href=\"http:\/\/\u00b7\" ><button type=\"button\" id=\"ubtn-3274\"  class=\"ubtn ult-adjust-bottom-margin ult-responsive ubtn-mini ubtn-no-hover-bg  none  ubtn-left   tooltip-69ef4dae7a0e4\"  data-hover=\"\" data-border-color=\"\" data-bg=\"#c2f4ff\" data-hover-bg=\"\" data-border-hover=\"\" data-shadow-hover=\"\" data-shadow-click=\"none\" data-shadow=\"\" data-shd-shadow=\"\"  data-ultimate-target='#ubtn-3274'  data-responsive-json-new='{\"font-size\":\"desktop:46px;mobile_landscape:35px;\",\"line-height\":\"desktop:45px;mobile_landscape:34px;\"}'  style=\"font-weight:normal;border:none;background: #c2f4ff;color: #000000;\"><span class=\"ubtn-hover\" style=\"background-color:\"><\/span><span class=\"ubtn-data ubtn-text \" >PARA QUI\u00c9N<\/span><\/button><\/a><\/div>[vc_column_text css=\u00bb.vc_custom_1600702336531{padding-top: 13px !important;padding-right: 10px !important;padding-bottom: 10px !important;padding-left: 10px !important;background-color: #ffffff !important;}\u00bb]<strong>Profesores y profesoras de todos los niveles educativos, equipos directivos, asesores pedag\u00f3gicos, orientadores, etc&#8230;<\/strong>[\/vc_column_text][vc_empty_space]<div class=\" vc_custom_1600703444467 ubtn-ctn-left enlace_desactivado\"><a class=\"ubtn-link ult-adjust-bottom-margin ubtn-left ubtn-mini enlace_desactivado\" href=\"http:\/\/\u00b7\" ><button type=\"button\" id=\"ubtn-6292\"  class=\"ubtn ult-adjust-bottom-margin ult-responsive ubtn-mini ubtn-no-hover-bg  none  ubtn-left   tooltip-69ef4dae7a156\"  data-hover=\"\" data-border-color=\"\" data-bg=\"#c2f4ff\" data-hover-bg=\"\" data-border-hover=\"\" data-shadow-hover=\"\" data-shadow-click=\"none\" data-shadow=\"\" data-shd-shadow=\"\"  data-ultimate-target='#ubtn-6292'  data-responsive-json-new='{\"font-size\":\"desktop:46px;mobile_landscape:35px;\",\"line-height\":\"desktop:45px;mobile_landscape:34px;\"}'  style=\"font-weight:normal;border:none;background: #c2f4ff;color: #000000;\"><span class=\"ubtn-hover\" style=\"background-color:\"><\/span><span class=\"ubtn-data ubtn-text \" >CALENDARIO<\/span><\/button><\/a><\/div>[vc_column_text css=\u00bb.vc_custom_1613639128601{padding-top: 13px !important;padding-right: 10px !important;padding-bottom: 10px !important;padding-left: 10px !important;background-color: #ffffff !important;}\u00bb]<strong>\u2022 4 semanas: del 22 de febrero al 15 de marzo<\/strong><br \/>\n<strong>\u2022 8 sesiones de trabajo: Durante las tardes de los lunes y jueves y las ma\u00f1anas de los s\u00e1bados<\/strong><br \/>\n<strong>\u2022 30 horas (<b>26 horas en el laboratorio + 4 horas de trabajo individual a lo largo del proceso<\/b>)<\/strong><br \/>\n<strong>Horario de tarde de 17:00 a 19:30 horas y horario de ma\u00f1ana de 9:30 a 12:00 horas<\/strong><br \/>\n<strong>\u2022 Modalidad online (<b>trabajo en peque\u00f1o grupo + gran grupo + mentor\u00eda<\/b>)<\/strong>[\/vc_column_text][vc_row_inner][vc_column_inner width=\u00bb1\/3&#8243; offset=\u00bbvc_hidden-lg vc_hidden-md vc_hidden-sm vc_hidden-xs\u00bb][vc_column_text]<\/p>\n<p style=\"text-align: center;\"><strong>LUNES<\/strong><\/p>\n<p>[\/vc_column_text]<div class=\"ult-spacer spacer-69ef4dae7a1a2\" data-id=\"69ef4dae7a1a2\" data-height=\"124\" data-height-mobile=\"0\" data-height-tab=\"\" data-height-tab-portrait=\"\" data-height-mobile-landscape=\"0\" style=\"clear:both;display:block;\"><\/div>[vc_column_text css=\u00bb.vc_custom_1600702772094{padding-top: 5px !important;padding-right: 10px !important;padding-bottom: 5px !important;padding-left: 10px !important;background-color: #ffb7c3 !important;background-position: center !important;background-repeat: no-repeat !important;background-size: cover !important;}\u00bb]<strong>19\/10 Concebir<\/strong><br \/>\n<span style=\"font-size: 19px;\">(17:00 &#8211; 19:30)<\/span>[\/vc_column_text][vc_column_text css=\u00bb.vc_custom_1600702883549{padding-top: 5px !important;padding-right: 10px !important;padding-bottom: 5px !important;padding-left: 10px !important;background-color: #ffb7c3 !important;background-position: center !important;background-repeat: no-repeat !important;background-size: cover !important;}\u00bb]<strong>26\/10 Aterrizar<\/strong><br \/>\n<span style=\"font-size: 19px;\">(17:00 &#8211; 19:30) MENTOR\u00cdA<\/span>[\/vc_column_text][\/vc_column_inner][vc_column_inner width=\u00bb1\/3&#8243; offset=\u00bbvc_hidden-lg vc_hidden-md vc_hidden-sm vc_hidden-xs\u00bb][vc_column_text]<\/p>\n<p style=\"text-align: center;\"><strong>MI\u00c9<\/strong><strong>RCOLES<\/strong><\/p>\n<p>[\/vc_column_text][vc_column_text css=\u00bb.vc_custom_1600702910875{padding-top: 5px !important;padding-right: 10px !important;padding-bottom: 5px !important;padding-left: 10px !important;background-color: #ffb7c3 !important;background-position: center !important;background-repeat: no-repeat !important;background-size: cover !important;}\u00bb]<strong>14\/10 Conectar<\/strong><br \/>\n<span style=\"font-size: 19px;\">(17:00 &#8211; 19:30)<\/span>[\/vc_column_text][vc_column_text css=\u00bb.vc_custom_1600702972924{padding-top: 5px !important;padding-right: 10px !important;padding-bottom: 5px !important;padding-left: 10px !important;background-color: #ffb7c3 !important;background-position: center !important;background-repeat: no-repeat !important;background-size: cover !important;}\u00bb]<strong>21\/10 Compartir<\/strong><br \/>\n<span style=\"font-size: 19px;\">(17:00 &#8211; 19:30)<\/span>[\/vc_column_text][vc_column_text css=\u00bb.vc_custom_1600703009402{padding-top: 5px !important;padding-right: 10px !important;padding-bottom: 5px !important;padding-left: 10px !important;background-color: #ffb7c3 !important;background-position: center !important;background-repeat: no-repeat !important;background-size: cover !important;}\u00bb]<strong>4\/11 Comunicar<\/strong><br \/>\n<span style=\"font-size: 19px;\">(17:00 &#8211; 19:30)<\/span>[\/vc_column_text][vc_column_text css=\u00bb.vc_custom_1600702990280{padding-top: 5px !important;padding-right: 10px !important;padding-bottom: 5px !important;padding-left: 10px !important;background-color: #ffb7c3 !important;background-position: center !important;background-repeat: no-repeat !important;background-size: cover !important;}\u00bb]<strong>28\/10 Transferir<\/strong><br \/>\n<span style=\"font-size: 19px;\">(17:00 &#8211; 19:30)<\/span>[\/vc_column_text][\/vc_column_inner][vc_column_inner width=\u00bb1\/3&#8243; offset=\u00bbvc_hidden-lg vc_hidden-md vc_hidden-sm vc_hidden-xs\u00bb][vc_column_text]<\/p>\n<p style=\"text-align: center;\"><strong>S\u00c1BADO<\/strong><\/p>\n<p>[\/vc_column_text][vc_column_text css=\u00bb.vc_custom_1600703058354{padding-top: 5px !important;padding-right: 10px !important;padding-bottom: 5px !important;padding-left: 10px !important;background-color: #ffb7c3 !important;background-position: center !important;background-repeat: no-repeat !important;background-size: cover !important;}\u00bb]<strong>17\/10 Comprender<\/strong><br \/>\n<span style=\"font-size: 19px;\">(10:00 &#8211; 13:00)<\/span>[\/vc_column_text][vc_column_text css=\u00bb.vc_custom_1600703105299{padding-top: 5px !important;padding-right: 10px !important;padding-bottom: 5px !important;padding-left: 10px !important;background-color: #ffb7c3 !important;background-position: center !important;background-repeat: no-repeat !important;background-size: cover !important;}\u00bb]<strong>24\/10 Prototipar<\/strong><br \/>\n<span style=\"font-size: 19px;\">(10:00 &#8211; 13:00)<\/span>[\/vc_column_text][\/vc_column_inner][\/vc_row_inner][vc_column_text]<strong>Al finalizar, vuestra propuesta ser\u00e1 publicada en la web de www.laescuelaloprimero.es, con vuestros nombres, para ser compartida con toda la comunidad educativa.<br \/>\nSe entregar\u00e1 certificado de participaci\u00f3n.<\/strong>[\/vc_column_text][vc_btn title=\u00bbAP\u00daNTATE\u00bb style=\u00bbgradient-custom\u00bb gradient_custom_color_1=\u00bb#ffb7c3&#8243; gradient_custom_color_2=\u00bb#ffb7c3&#8243; gradient_text_color=\u00bb#3d3d3d\u00bb shape=\u00bbsquare\u00bb size=\u00bblg\u00bb align=\u00bbright\u00bb i_icon_fontawesome=\u00bbfas fa-caret-right\u00bb add_icon=\u00bbtrue\u00bb link=\u00bburl:https%3A%2F%2Fforms.gle%2FKSwoHo9L364dLsN3A|target:_blank\u00bb][vc_empty_space]<div class=\" vc_custom_1600703454985 ubtn-ctn-left enlace_desactivado\"><a class=\"ubtn-link ult-adjust-bottom-margin ubtn-left ubtn-mini enlace_desactivado\" href=\"http:\/\/\u00b7\" ><button type=\"button\" id=\"ubtn-4004\"  class=\"ubtn ult-adjust-bottom-margin ult-responsive ubtn-mini ubtn-no-hover-bg  none  ubtn-left   tooltip-69ef4dae7a1d2\"  data-hover=\"\" data-border-color=\"\" data-bg=\"#c2f4ff\" data-hover-bg=\"\" data-border-hover=\"\" data-shadow-hover=\"\" data-shadow-click=\"none\" data-shadow=\"\" data-shd-shadow=\"\"  data-ultimate-target='#ubtn-4004'  data-responsive-json-new='{\"font-size\":\"desktop:46px;mobile_landscape:35px;\",\"line-height\":\"desktop:45px;mobile_landscape:34px;\"}'  style=\"font-weight:normal;border:none;background: #c2f4ff;color: #000000;\"><span class=\"ubtn-hover\" style=\"background-color:\"><\/span><span class=\"ubtn-data ubtn-text \" >ELLOS YA HAN PARTICIPADO...<\/span><\/button><\/a><\/div>[vc_row_inner gap=\u00bb15&#8243;][vc_column_inner width=\u00bb1\/2&#8243;][vc_video link=\u00bbhttps:\/\/www.youtube.com\/watch?v=QESZHAjZ3f8&amp;feature=youtu.be\u00bb][\/vc_column_inner][vc_column_inner width=\u00bb1\/2&#8243;][vc_video link=\u00bbhttps:\/\/www.youtube.com\/watch?v=qpum-jQDIxo&amp;feature=youtu.be\u00bb][\/vc_column_inner][\/vc_row_inner][vc_row_inner][vc_column_inner width=\u00bb1\/2&#8243;][vc_video link=\u00bbhttps:\/\/www.youtube.com\/watch?v=rGNHAcQ_SzA&amp;feature=youtu.be\u00bb][\/vc_column_inner][vc_column_inner width=\u00bb1\/2&#8243;][vc_video link=\u00bbhttps:\/\/www.youtube.com\/watch?v=CCPQ3CPrQ58&amp;feature=youtu.be\u00bb][\/vc_column_inner][\/vc_row_inner][\/vc_column][\/vc_row][vc_row][vc_column][vc_btn title=\u00bbAP\u00daNTATE\u00bb style=\u00bbgradient-custom\u00bb gradient_custom_color_1=\u00bb#ffb7c3&#8243; gradient_custom_color_2=\u00bb#ffb7c3&#8243; gradient_text_color=\u00bb#3d3d3d\u00bb shape=\u00bbsquare\u00bb size=\u00bblg\u00bb align=\u00bbright\u00bb i_icon_fontawesome=\u00bbfas fa-caret-right\u00bb add_icon=\u00bbtrue\u00bb link=\u00bburl:https%3A%2F%2Fforms.gle%2FKSwoHo9L364dLsN3A|target:_blank\u00bb][\/vc_column][\/vc_row]<\/p>\n","protected":false},"excerpt":{"rendered":"<p>[vc_row gap=\u00bb10&#8243; content_placement=\u00bbbottom\u00bb bg_type=\u00bbbg_color\u00bb css=\u00bb.vc_custom_1612426709074{margin-top: -50px !important;margin-right: 1px !important;margin-left: 2px !important;padding-top: 15px !important;}\u00bb bg_color_value=\u00bb#ffb7c3&#8243;][vc_column width=\u00bb3\/4&#8243;][\/vc_column][vc_column width=\u00bb1\/4&#8243;][vc_btn title=\u00bbAP\u00daNTATE\u00bb style=\u00bboutline-custom\u00bb outline_custom_color=\u00bb#ffffff\u00bb outline_custom_hover_background=\u00bb#ffffff\u00bb outline_custom_hover_text=\u00bb#000000&#8243; shape=\u00bbsquare\u00bb size=\u00bblg\u00bb align=\u00bbcenter\u00bb i_icon_fontawesome=\u00bbfas fa-caret-right\u00bb add_icon=\u00bbtrue\u00bb link=\u00bburl:https%3A%2F%2Fforms.gle%2FKSwoHo9L364dLsN3A|title:ap%C3%BAntate|target:_blank\u00bb][\/vc_column][\/vc_row][vc_row][vc_column][\/vc_column][\/vc_row][vc_row][vc_column][vc_empty_space][\/vc_column][\/vc_row][vc_row][vc_column css=\u00bb.vc_custom_1600704892670{background-color: #ffffff !important;background-position: center !important;background-repeat: no-repeat !important;background-size: cover !important;}\u00bb][vc_column_text]\u00bfQuieres participar en la construcci\u00f3n de soluciones reales para los nuevos retos que tienes este curso? \u00danete al laboratorio&hellip;<\/p>\n","protected":false},"author":1,"featured_media":264,"parent":0,"menu_order":0,"comment_status":"closed","ping_status":"open","template":"","meta":[],"yoast_head":"<!-- This site is optimized with the Yoast SEO plugin v19.6.1 - https:\/\/yoast.com\/wordpress\/plugins\/seo\/ -->\n<title>Participa - Cotec<\/title>\n<meta name=\"description\" content=\"La escuela, lo primero\" \/>\n<meta name=\"robots\" content=\"index, follow, max-snippet:-1, max-image-preview:large, max-video-preview:-1\" \/>\n<link rel=\"canonical\" href=\"https:\/\/laescuelaloprimero.cotec.es\/lelp1\/participa\/\" \/>\n<meta property=\"og:locale\" content=\"es_ES\" \/>\n<meta property=\"og:type\" content=\"article\" \/>\n<meta property=\"og:title\" content=\"Participa - Cotec\" \/>\n<meta property=\"og:description\" content=\"La escuela, lo primero\" \/>\n<meta property=\"og:url\" content=\"https:\/\/laescuelaloprimero.cotec.es\/lelp1\/participa\/\" \/>\n<meta property=\"og:site_name\" content=\"Cotec\" \/>\n<meta property=\"article:modified_time\" content=\"2021-02-18T09:07:33+00:00\" \/>\n<meta property=\"og:image\" content=\"https:\/\/laescuelaloprimero.cotec.es\/lelp1\/wp-content\/uploads\/2020\/08\/logo_escuela.png\" \/>\n\t<meta property=\"og:image:width\" content=\"159\" \/>\n\t<meta property=\"og:image:height\" content=\"104\" \/>\n\t<meta property=\"og:image:type\" content=\"image\/png\" \/>\n<meta name=\"twitter:card\" content=\"summary_large_image\" \/>\n<meta name=\"twitter:label1\" content=\"Tiempo de lectura\" \/>\n\t<meta name=\"twitter:data1\" content=\"7 minutos\" \/>\n<script type=\"application\/ld+json\" class=\"yoast-schema-graph\">{\"@context\":\"https:\/\/schema.org\",\"@graph\":[{\"@type\":\"WebPage\",\"@id\":\"https:\/\/laescuelaloprimero.cotec.es\/lelp1\/participa\/\",\"url\":\"https:\/\/laescuelaloprimero.cotec.es\/lelp1\/participa\/\",\"name\":\"Participa - Cotec\",\"isPartOf\":{\"@id\":\"https:\/\/laescuelaloprimero.cotec.es\/lelp1\/#website\"},\"datePublished\":\"2020-09-21T15:44:23+00:00\",\"dateModified\":\"2021-02-18T09:07:33+00:00\",\"description\":\"La escuela, lo primero\",\"breadcrumb\":{\"@id\":\"https:\/\/laescuelaloprimero.cotec.es\/lelp1\/participa\/#breadcrumb\"},\"inLanguage\":\"es\",\"potentialAction\":[{\"@type\":\"ReadAction\",\"target\":[\"https:\/\/laescuelaloprimero.cotec.es\/lelp1\/participa\/\"]}]},{\"@type\":\"BreadcrumbList\",\"@id\":\"https:\/\/laescuelaloprimero.cotec.es\/lelp1\/participa\/#breadcrumb\",\"itemListElement\":[{\"@type\":\"ListItem\",\"position\":1,\"name\":\"Portada\",\"item\":\"https:\/\/laescuelaloprimero.cotec.es\/lelp1\/\"},{\"@type\":\"ListItem\",\"position\":2,\"name\":\"Participa\"}]},{\"@type\":\"WebSite\",\"@id\":\"https:\/\/laescuelaloprimero.cotec.es\/lelp1\/#website\",\"url\":\"https:\/\/laescuelaloprimero.cotec.es\/lelp1\/\",\"name\":\"Cotec\",\"description\":\"\",\"potentialAction\":[{\"@type\":\"SearchAction\",\"target\":{\"@type\":\"EntryPoint\",\"urlTemplate\":\"https:\/\/laescuelaloprimero.cotec.es\/lelp1\/?s={search_term_string}\"},\"query-input\":\"required name=search_term_string\"}],\"inLanguage\":\"es\"}]}<\/script>\n<!-- \/ Yoast SEO plugin. -->","yoast_head_json":{"title":"Participa - Cotec","description":"La escuela, lo primero","robots":{"index":"index","follow":"follow","max-snippet":"max-snippet:-1","max-image-preview":"max-image-preview:large","max-video-preview":"max-video-preview:-1"},"canonical":"https:\/\/laescuelaloprimero.cotec.es\/lelp1\/participa\/","og_locale":"es_ES","og_type":"article","og_title":"Participa - Cotec","og_description":"La escuela, lo primero","og_url":"https:\/\/laescuelaloprimero.cotec.es\/lelp1\/participa\/","og_site_name":"Cotec","article_modified_time":"2021-02-18T09:07:33+00:00","og_image":[{"width":159,"height":104,"url":"https:\/\/laescuelaloprimero.cotec.es\/lelp1\/wp-content\/uploads\/2020\/08\/logo_escuela.png","type":"image\/png"}],"twitter_card":"summary_large_image","twitter_misc":{"Tiempo de lectura":"7 minutos"},"schema":{"@context":"https:\/\/schema.org","@graph":[{"@type":"WebPage","@id":"https:\/\/laescuelaloprimero.cotec.es\/lelp1\/participa\/","url":"https:\/\/laescuelaloprimero.cotec.es\/lelp1\/participa\/","name":"Participa - Cotec","isPartOf":{"@id":"https:\/\/laescuelaloprimero.cotec.es\/lelp1\/#website"},"datePublished":"2020-09-21T15:44:23+00:00","dateModified":"2021-02-18T09:07:33+00:00","description":"La escuela, lo primero","breadcrumb":{"@id":"https:\/\/laescuelaloprimero.cotec.es\/lelp1\/participa\/#breadcrumb"},"inLanguage":"es","potentialAction":[{"@type":"ReadAction","target":["https:\/\/laescuelaloprimero.cotec.es\/lelp1\/participa\/"]}]},{"@type":"BreadcrumbList","@id":"https:\/\/laescuelaloprimero.cotec.es\/lelp1\/participa\/#breadcrumb","itemListElement":[{"@type":"ListItem","position":1,"name":"Portada","item":"https:\/\/laescuelaloprimero.cotec.es\/lelp1\/"},{"@type":"ListItem","position":2,"name":"Participa"}]},{"@type":"WebSite","@id":"https:\/\/laescuelaloprimero.cotec.es\/lelp1\/#website","url":"https:\/\/laescuelaloprimero.cotec.es\/lelp1\/","name":"Cotec","description":"","potentialAction":[{"@type":"SearchAction","target":{"@type":"EntryPoint","urlTemplate":"https:\/\/laescuelaloprimero.cotec.es\/lelp1\/?s={search_term_string}"},"query-input":"required name=search_term_string"}],"inLanguage":"es"}]}},"_links":{"self":[{"href":"https:\/\/laescuelaloprimero.cotec.es\/lelp1\/wp-json\/wp\/v2\/pages\/780"}],"collection":[{"href":"https:\/\/laescuelaloprimero.cotec.es\/lelp1\/wp-json\/wp\/v2\/pages"}],"about":[{"href":"https:\/\/laescuelaloprimero.cotec.es\/lelp1\/wp-json\/wp\/v2\/types\/page"}],"author":[{"embeddable":true,"href":"https:\/\/laescuelaloprimero.cotec.es\/lelp1\/wp-json\/wp\/v2\/users\/1"}],"replies":[{"embeddable":true,"href":"https:\/\/laescuelaloprimero.cotec.es\/lelp1\/wp-json\/wp\/v2\/comments?post=780"}],"version-history":[{"count":72,"href":"https:\/\/laescuelaloprimero.cotec.es\/lelp1\/wp-json\/wp\/v2\/pages\/780\/revisions"}],"predecessor-version":[{"id":1246,"href":"https:\/\/laescuelaloprimero.cotec.es\/lelp1\/wp-json\/wp\/v2\/pages\/780\/revisions\/1246"}],"wp:featuredmedia":[{"embeddable":true,"href":"https:\/\/laescuelaloprimero.cotec.es\/lelp1\/wp-json\/wp\/v2\/media\/264"}],"wp:attachment":[{"href":"https:\/\/laescuelaloprimero.cotec.es\/lelp1\/wp-json\/wp\/v2\/media?parent=780"}],"curies":[{"name":"wp","href":"https:\/\/api.w.org\/{rel}","templated":true}]}}